{"id":2825,"date":"2023-12-12T10:18:28","date_gmt":"2023-12-12T09:18:28","guid":{"rendered":"https:\/\/www.noaracompany.com\/?page_id=2825"},"modified":"2023-12-12T10:47:04","modified_gmt":"2023-12-12T09:47:04","slug":"condiciones-generales-de-venta-y-garantia","status":"publish","type":"page","link":"https:\/\/www.noaracompany.com\/es\/condiciones-generales-de-venta-y-garantia\/","title":{"rendered":"CONDICIONES LEGALES DE VENTA Y GARANT\u00cdA"},"content":{"rendered":"\t\t<div data-elementor-type=\"wp-page\" data-elementor-id=\"2825\" class=\"elementor elementor-2825 elementor-2816\" data-elementor-post-type=\"page\">\n\t\t\t\t<div class=\"elementor-element elementor-element-7a2a165 e-flex e-con-boxed e-con e-parent\" data-id=\"7a2a165\" data-element_type=\"container\">\n\t\t\t\t\t<div class=\"e-con-inner\">\n\t\t\t\t<div class=\"elementor-element elementor-element-3809bc8 elementor-widget elementor-widget-text-editor\" data-id=\"3809bc8\" data-element_type=\"widget\" data-widget_type=\"text-editor.default\">\n\t\t\t\t<div class=\"elementor-widget-container\">\n\t\t\t\t\t\t\t\t\t<h1 style=\"text-align: center;\"><strong><u>CONDICIONES GENERALES DE VENTA Y GARANT\u00cdA<\/u><\/strong><\/h1><h2 style=\"text-align: center;\"><strong><u>NOARA MEDITERRANEAN DISTILLERY, S.L.<\/u><\/strong><\/h2><p>\u00a0<\/p><p>\u00a0<\/p><p><strong>1. ALCANCE:<\/strong><\/p><p style=\"padding-left: 40px;\">1.1 Las operaciones comerciales que recaigan sobre productos de<strong> NOARA MEDITERRANEAN DISTILLERY, S.L. <\/strong>est\u00e1n sujetas a las presentes Condiciones Generales de Venta y Garant\u00eda, que se reflejar\u00e1n en las correspondientes confirmaciones de pedido, conteni\u00e9ndose, adem\u00e1s, en las facturas comerciales de Productos de <strong>NOARA MEDITERRANEAN DISTILLERY, S.L. <\/strong>una remisi\u00f3n expresa a las siguientes Condiciones Generales de Venta y Garant\u00eda.<\/p><p><strong>\u00a0<\/strong><\/p><p><strong>2. ORDENES:<\/strong><\/p><p style=\"padding-left: 40px;\">2.1. Los pedidos se aceptar\u00e1n por escrito, correo electr\u00f3nico o tel\u00e9fono, y s\u00f3lo ser\u00e1n vinculantes una vez aceptados por <strong>NOARA MEDITERRANEAN DISTILLERY, S.L. <\/strong>mediante confirmaci\u00f3n del pedido por cualquiera de los medios de comunicaci\u00f3n antes descritos. El Cliente deber\u00e1 verificar la confirmaci\u00f3n del pedido y notificar, inmediatamente, por escrito, cualquier error. En caso contrario, la descripci\u00f3n del Producto en la confirmaci\u00f3n del pedido pasar\u00e1 a integrar este Contrato y ser\u00e1 vinculatoria para las partes. <strong>NOARA MEDITERRANEAN DISTILLERY, S.L. <\/strong>no admitir\u00e1 modificaciones o anulaciones del pedido.<\/p><p style=\"padding-left: 40px;\">2.2. Los Pedidos estar\u00e1n sujetos a la disponibilidad y aceptaci\u00f3n por parte de<strong> NOARA MEDITERRANEAN DISTILLERY, S.L.<\/strong>, el cual, podr\u00e1 rechazar el pedido en cualquier momento y a su exclusiva elecci\u00f3n. Los presupuestos, u ofertas econ\u00f3micas, s\u00f3lo ser\u00e1n v\u00e1lidos por escrito, y durante el plazo que en ellos se indique. De no indicarse ning\u00fan plazo, \u00e9ste ser\u00e1 de 30 d\u00edas.<\/p><p>\u00a0<\/p><p><strong>3. PRODUCTOS:<\/strong><\/p><p style=\"padding-left: 40px;\">3.1. <strong>DISTILLERY, S.L. <\/strong>que pueden ir modific\u00e1ndose por cualquier especificaci\u00f3n aplicable. <strong>NOARA MEDITERRANEAN DISTILLERY, S.L. <\/strong>se reserva el derecho a interrumpir, de forma temporal o definitiva, el suministro si hay circunstancias excepcionales que impiden la realizaci\u00f3n total o parcial de sus obligaciones como parte vendedora. En este caso, el presente Contrato se anular\u00e1 sin que la parte compradora tenga derecho a exigir una indemnizaci\u00f3n por posibles da\u00f1os o perjuicios a <strong>NOARA MEDITERRANEAN DISTILLERY, S.L. <\/strong><\/p><p style=\"padding-left: 40px;\">3.2. SiDel mismo modo, <strong>NOARA MEDITERRANEAN DISTILLERY, S.L. <\/strong>se reserva el derecho de cancelar el pedido, en cualquier momento, por circunstancias objetivas y ajenas a su voluntad.<\/p><p>\u00a0<\/p><p><strong>4. PRECIOS Y T\u00c9RMINOS DE PAGO:<\/strong><\/p><p style=\"padding-left: 40px;\">4.1. El precio de los Productos ser\u00e1 el establecido en la Oferta. El pago se realizar\u00e1 en la cuenta bancaria designada por escrito por <strong>NOARA MEDITERRANEAN DISTILLERY, S.L. <\/strong>No obstante, <strong>NOARA MEDITERRANEAN DISTILLERY, S.L. <\/strong>se reserva el derecho de interrumpir el suministro si se ha incumplido con cualquiera de los compromisos de pago adquiridos. El lugar de entrega se indica en la confirmaci\u00f3n del pedido.<\/p><p style=\"padding-left: 40px;\">4.2. <strong>NOARA MEDITERRANEAN DISTILLERY, S.L. <\/strong>tambi\u00e9n se reserva su derecho a la propiedad sobre el Producto en caso de falta de pago total o parcial del pedido. Si el Cliente rechaza la entrega, sin la previa aprobaci\u00f3n de <strong>NOARA MEDITERRANEAN DISTILLERY, S.L.<\/strong>, los gastos o da\u00f1os resultantes correr\u00e1n por cuenta del Cliente, incluyendo el almacenamiento hasta su aceptaci\u00f3n. Del mismo modo, <strong>NOARA MEDITERRANEAN DISTILLERY, S.L. <\/strong>no asumir\u00e1 responsabilidad por retrasos en la entrega de la mercanc\u00eda que se deriven de la falta de autorizaci\u00f3n por parte del Banco.<\/p><p style=\"padding-left: 40px;\">4.3. <strong>NOARA MEDITERRANEAN DISTILLERY, S.L. <\/strong>tambi\u00e9n se reserva el derecho de interrumpir el suministro de la mercanc\u00eda al Cliente si \u00e9ste ha incumplido con cualquiera de los compromisos de pago adquiridos. Dicha falta de pago le permitir\u00e1 a <strong>NOARA MEDITERRANEAN DISTILLERY, S.L. <\/strong>reclamar al Cliente la correspondiente indemnizaci\u00f3n por da\u00f1os y perjuicios, conforme a lo previsto en los <strong>art\u00edculos 45 a 52 de la Convenci\u00f3n de Viena del a\u00f1o 1980<\/strong> sobre compraventa internacional de mercader\u00edas; reserv\u00e1ndose<strong> NOARA MEDITERRANEAN DISTILLERY, S.L.<\/strong>, adem\u00e1s, el derecho a reclamar otras cantidades que satisfagan el valor de la p\u00e9rdida sufrida por el incumplimiento (da\u00f1o emergente) y el de la ganancia dejada de obtener como consecuencia de su incumplimiento (lucro cesante), as\u00ed como por otros perjuicios ocasionados como consecuencia de su incumplimiento contractual. Del mismo modo, <strong>NOARA MEDITERRANEAN DISTILLERY, S.L. <\/strong>se reserva el derecho a interrumpir, de forma temporal o definitiva, dicho suministro si hay circunstancias excepcionales que impiden la realizaci\u00f3n total o parcial de las obligaciones por su parte. En este caso, el presente Contrato se anular\u00e1 sin que el Cliente tenga derecho a exigir una indemnizaci\u00f3n por posibles da\u00f1os o perjuicios a <strong>NOARA MEDITERRANEAN DISTILLERY, S.L.<\/strong><\/p><p style=\"padding-left: 40px;\">4.4. Destacar que, <strong>la presente operaci\u00f3n, se encontrar\u00e1 exenta de IVA, en base al art\u00edculo 25 de la Ley 37\/1992, de 28 de diciembre, del Impuesto sobre el Valor A\u00f1adido (\u201cExenciones en las entregas de bienes destinados a otro Estado miembro\u201d), salvo que la misma se realice dentro del territorio espa\u00f1ol.<\/strong><\/p><p>\u00a0<\/p><p><strong>5. ENTREGA:<\/strong><\/p><p style=\"padding-left: 40px;\">5.1. Salvo pacto en contrario, todos los Productos se enviar\u00e1n desde los almacenes de <strong>NOARA MEDITERRANEAN DISTILLERY, S.L. <\/strong>y las devoluciones deber\u00e1n realizarse a este mismo lugar. La entrega se realizar\u00e1 dentro del plazo aproximado indicado por <strong>NOARA MEDITERRANEAN DISTILLERY, S.L.<\/strong>, <strong>consider\u00e1ndose esta fecha como la de finalizaci\u00f3n de la producci\u00f3n. <\/strong>Dichos plazos son indicativos, no estar\u00e1n garantizados ni son vinculantes.<\/p><p style=\"padding-left: 40px;\">5.2. La entrega de la mercanc\u00eda se realizar\u00e1 a la empresa de transporte, la cual, ser\u00e1 designada por<strong> NOARA MEDITERRANEAN DISTILLERY, S.L. <\/strong>o por el Cliente. En el supuesto de que la empresa de transporte sea designada por<strong> NOARA MEDITERRANEAN DISTILLERY, S.L. <\/strong>quedar\u00e1 prohibida la subcontrataci\u00f3n del transporte, de conformidad con lo establecido en el <strong>Cap\u00edtulo VI <\/strong>de la <strong>Ley 15\/2009, de 11 de noviembre, del contrato de transporte terrestre de mercanc\u00edas<\/strong>.<\/p><p style=\"padding-left: 40px;\">5.3. <strong>NOARA MEDITERRANEAN DISTILLERY, S.L.<\/strong>no se har\u00e1 responsable de los gastos ocasionados por el incumplimiento de la fecha de entrega. Tanto la propiedad como el riesgo de da\u00f1o y\/o p\u00e9rdida de los Productos pasar\u00e1n al Cliente en el momento en que <strong>NOARA MEDITERRANEAN DISTILLERY, S.L.<\/strong> haya puesto los Productos a disposici\u00f3n del transportista o del propio Cliente. Dicha operaci\u00f3n comercial internacional queda sujeta a la correspondiente cobertura de riesgo del Cliente.<\/p><p style=\"padding-left: 40px;\">5.4. Del mismo modo, <strong>NOARA MEDITERRANEAN DISTILLERY, S.L. <\/strong>no asumir\u00e1 ninguna responsabilidad por cualquier p\u00e9rdida o da\u00f1os en que el Cliente pueda incurrir en caso de producirse un retraso inevitable en la entrega. La titularidad y el riesgo de p\u00e9rdida relativos a los Productos se transmitir\u00e1n al Cliente en el momento de la entrega.<\/p><p>\u00a0<\/p><p><strong>6. DEVOLUCIONES Y\/O CAMBIOS:<\/strong><\/p><p style=\"padding-left: 40px;\">6.1. El Cliente indicar\u00e1 su disconformidad, si la hubiere, en el plazo de 14 d\u00edas naturales desde la recepci\u00f3n del Producto, mediante comunicaci\u00f3n escrita dirigida a <strong>NOARA MEDITERRANEAN DISTILLERY, S.L. <\/strong>especificando los motivos y\/o naturaleza de la misma.<\/p><p style=\"padding-left: 40px;\">6.2. Tras la verificaci\u00f3n de que dicho Producto se encuentra en perfecto estado, la confirmaci\u00f3n del abono se efectuar\u00e1 en un plazo m\u00e1ximo de 30 d\u00edas, a partir de la recepci\u00f3n del Producto en el almac\u00e9n de <strong>NOARA MEDITERRANEAN DISTILLERY, S.L.<\/strong><\/p><p>\u00a0<\/p><p><strong>7. DEVOLUCIONES:<\/strong><\/p><p style=\"padding-left: 40px;\">7.1. De conformidad con el <strong>art\u00edculo 103 del<\/strong> <strong>Real Decreto Legislativo 1\/2007, de 16 de noviembre, por el que se aprueba el texto refundido de la Ley General para la Defensa de los Consumidores y Usuarios<\/strong>, por tratarse de bebidas alcoh\u00f3licas, no ser\u00e1 aplicable el derecho de desistimiento de los Productos de<strong> NOARA MEDITERRANEAN DISTILLERY, S.L.<\/strong><\/p><p>\u00a0<\/p><p><strong>8. UTILIZACI\u00d3N DE LAS MARCAS, IM\u00c1GENES, LOGOTIPOS Y SIGNOS DISTINTIVOS:<\/strong><\/p><p style=\"padding-left: 40px;\">8.1. La utilizaci\u00f3n de material protegido por el derecho de propiedad intelectual del cual <strong>NOARA MEDITERRANEAN DISTILLERY, S.L. <\/strong>es titular, por parte del Comprador (\u201cAutorizado\u201d a su uso), es decir: nombres comerciales, logotipos, nombres de productos, nombres de dominio y otros signos empleados en publicidad, redes sociales, p\u00e1ginas web, as\u00ed como en Internet en general, deber\u00e1 respetar las prescripciones del Ordenamiento Jur\u00eddico relacionadas con el disfrute de uso. En ning\u00fan caso podr\u00e1 el Autorizado modificar el aspecto, la estructura o contenido de los elementos objeto de autorizaci\u00f3n ni a\u00f1adir otros elementos, siguiendo con las directrices que se establezcan desde la direcci\u00f3n de <strong>NOARA MEDITERRANEAN DISTILLERY, S.L.<\/strong>, su incumplimiento podr\u00e1 servir de base para la imposici\u00f3n de una penalizaci\u00f3n.<\/p><p style=\"padding-left: 40px;\">8.2. El Autorizado s\u00f3lo podr\u00e1 usar los elementos autorizados de manera que no ponga en peligro la reputaci\u00f3n o la imagen de <strong>NOARA MEDITERRANEAN DISTILLERY, S.L. <\/strong>En caso de que exista riesgo, <strong>NOARA MEDITERRANEAN DISTILLERY, S.L. <\/strong>podr\u00e1 retirar en cualquier momento la autorizaci\u00f3n de su uso. Las marcas, im\u00e1genes, logotipos y signos y otras se\u00f1ales distintivas identificando los Productos fabricados o comercializados por <strong>NOARA MEDITERRANEAN DISTILLERY, S.L.<\/strong>, ser\u00e1n registrados de acuerdo con las disposiciones legales en materia de propiedad intelectual, y a las leyes y Reglamentos en vigor.<\/p><p style=\"padding-left: 40px;\">8.3. <strong>NOARA MEDITERRANEAN DISTILLERY, S.L.<\/strong>autoriza la utilizaci\u00f3n de las marcas, im\u00e1genes, logotipos y signos distintivos vinculados a los productos fabricados o comercializados por el Autorizado durante la duraci\u00f3n de \u00e9ste y s\u00f3lo a los \u00fanicos efectos de identificar y promocionar los Productos exclusivamente dentro de los l\u00edmites del objeto de \u00e9ste y en beneficio del Concedente. El Autorizado se obliga a velar por la protecci\u00f3n de la marca, el logotipo, el signo y las se\u00f1ales distintivas y a aplicar las acciones necesarias para la efectiva protecci\u00f3n.<\/p><p style=\"padding-left: 40px;\">8.4. El Autorizado reconoce que el uso que se le concede, seg\u00fan las presentes Condiciones Generales de Venta y Garant\u00eda, la marca, el signo y el material fotogr\u00e1fico y\/o audiovisual, no le confieren ning\u00fan derecho de propiedad sobre las mismas. El Autorizado se obliga a usar pac\u00edficamente las marcas, logotipos, signos y el material fotogr\u00e1fico y\/o audiovisual de <strong>NOARA MEDITERRANEAN DISTILLERY, S.L.<\/strong>, y podr\u00e1 utilizar todos los nombres de marca en toda la publicidad u otras actividades llevadas por el Concedente en el marco de la promoci\u00f3n y la venta de los Productos.<\/p><p style=\"padding-left: 40px;\">8.5. El Autorizado se compromete a no registrar ni solicitar el registro de ninguna marca, logotipo y signo de <strong>NOARA MEDITERRANEAN DISTILLERY, S.L. <\/strong>(o de otros similares que induzcan a confusi\u00f3n con los de <strong>NOARA MEDITERRANEAN DISTILLERY, S.L.<\/strong>).<\/p><p style=\"padding-left: 40px;\">8.6. El Autorizado notificar\u00e1 a <strong>NOARA MEDITERRANEAN DISTILLERY, S.L. <\/strong>cualquier violaci\u00f3n que llegue a su conocimiento de las marcas, logotipos y signos y material fotogr\u00e1fico y\/o audiovisual registrado por <strong>NOARA MEDITERRANEAN DISTILLERY, S.L.<\/strong>, as\u00ed como los derechos de propiedad industrial (patentes), propiedad de <strong>NOARA MEDITERRANEAN DISTILLERY, S.L. <\/strong>El Autorizado es libre de promocionar los Productos a trav\u00e9s de Internet, cat\u00e1logos y otros medios de promoci\u00f3n comercial, pero no puede hacer uso de las marcas, logotipos, signos y material fotogr\u00e1fico y\/o audiovisual registrado por <strong>NOARA MEDITERRANEAN DISTILLERY, S.L. <\/strong>sin previamente haber acordado por escrito los detalles de dicho uso.<\/p><p style=\"padding-left: 40px;\">8.7. El Autorizado se compromete a: 1) No solicitar como palabras clave en buscadores las marcas y signos de <strong>NOARA MEDITERRANEAN DISTILLERY, S.L.<\/strong>; 2) No crear sitios webs o dominios con las marcas o signos de <strong>NOARA MEDITERRANEAN DISTILLERY, S.L.<\/strong>; 3) No modificar im\u00e1genes o documentos creados por <strong>NOARA MEDITERRANEAN DISTILLERY, S.L. <\/strong>para ser publicados posteriormente en sus cat\u00e1logos o Internet; y, 4) Existe la posibilidad de que <strong>NOARA MEDITERRANEAN DISTILLERY, S.L. <\/strong>autorice la creaci\u00f3n de perfiles en redes sociales, siempre y cuando, \u00e9ste sea el administrador. De igual modo, el Autorizado se deber\u00e1 comprometer a ceder los datos de acceso a dichas redes, en un plazo m\u00e1ximo de 7 d\u00edas o cuando <strong>NOARA MEDITERRANEAN DISTILLERY, S.L. <\/strong>lo requiera. As\u00ed mismo, <strong>NOARA MEDITERRANEAN DISTILLERY, S.L. <\/strong>se reserva la posibilidad de solicitar al Autorizado, en cualquier momento, la anulaci\u00f3n del perfil en las redes sociales.<\/p><p style=\"padding-left: 40px;\">8.8. El Autorizado se compromete, bajo petici\u00f3n de <strong>NOARA MEDITERRANEAN DISTILLERY, S.L.<\/strong>, a retirar toda publicidad, ya sea impresa, digital o situada en Internet que lleve marcas, logotipos, fotos, datos o signos de <strong>NOARA MEDITERRANEAN DISTILLERY, S.L. <\/strong>en un plazo no superior a 30 d\u00edas.<\/p><p>\u00a0<\/p><p><strong>9. PROTECCI\u00d3N DE DATOS DE CAR\u00c1CTER PERSONAL:<\/strong><\/p><p style=\"padding-left: 40px;\">9.1. <strong>NOARA MEDITERRANEAN DISTILLERY, S.L. <\/strong>en cumplimiento del Reglamento (UE) 2016\/679 del Parlamento Europeo y del Consejo, de 27 de abril de 2016, relativo a la protecci\u00f3n de las personas f\u00edsicas en lo que respecta al tratamiento de datos personales y a la libre circulaci\u00f3n de estos datos y por el que se deroga la Directiva 95\/46\/CE (RGPD); de la Ley 34\/2002, de 11 de julio, de servicios de la sociedad de la informaci\u00f3n y de comercio electr\u00f3nico (LSSICE); y, de la Ley 3\/2018, de 5 de diciembre, de Protecci\u00f3n de Datos Personales y Garant\u00eda de los Derechos Digitales (LOPDGDD), le informa de que sus datos de car\u00e1cter personal se incluir\u00e1n en ficheros de titularidad de <strong>NOARA MEDITERRANEAN DISTILLERY, S.L.<\/strong>, cuya finalidad es la gesti\u00f3n de proveedores, clientes, realizaci\u00f3n de los servicios contratados, seguimiento comercial de clientes y otras acciones de comunicaci\u00f3n comercial.<\/p><p style=\"padding-left: 40px;\">9.2. <strong>NOARA MEDITERRANEAN DISTILLERY, S.L. <\/strong>no ceder\u00e1 sus datos a terceros, salvo requerimiento y exigencia legal o exigencia como consecuencia de la relaci\u00f3n jur\u00eddica. Igualmente, <strong>NOARA MEDITERRANEAN DISTILLERY, S.L. <\/strong>le informa que no tiene previsto transferir sus datos a un tercer pa\u00eds u organizaci\u00f3n internacional.<\/p><p style=\"padding-left: 40px;\">9.3. No obstante, podr\u00e1, en todo momento, ejercitar el derecho al acceso de sus datos personales, su rectificaci\u00f3n o supresi\u00f3n, a la limitaci\u00f3n de su tratamiento, as\u00ed como el derecho a la portabilidad de los datos, en la forma legalmente prevista; esto es, mediante comunicaci\u00f3n remitida a <strong>NOARA MEDITERRANEAN DISTILLERY, S.L.<\/strong>, en la direcci\u00f3n de correo electr\u00f3nico \u2026\u2026\u2026\u2026\u2026\u2026\u2026\u2026\u2026, adjuntando copia de su DNI\/NIE\/PASAPORTE.<\/p><p style=\"padding-left: 40px;\">9.4. Los datos se conservar\u00e1n durante el tiempo que se mantenga la relaci\u00f3n, salvo que ejercite sus derechos de control y, despu\u00e9s, por el tiempo necesario para el cumplimiento de cualquier obligaci\u00f3n legal o derivada de la relaci\u00f3n jur\u00eddica preexistente.<\/p><p>\u00a0<\/p><p><strong>10. CONFIDENCIALIDAD:<\/strong><\/p><p style=\"padding-left: 40px;\">10.1. Las partes acuerdan que cualquier informaci\u00f3n intercambiada, facilitada o creada por <strong>NOARA MEDITERRANEAN DISTILLERY, S.L. <\/strong>ser\u00e1 mantenida en estricta confidencialidad. El Autorizado s\u00f3lo podr\u00e1 revelar informaci\u00f3n confidencial a quienes la necesiten y est\u00e9n autorizados previamente por la parte de cuya informaci\u00f3n confidencial se trata. Se considera, tambi\u00e9n, informaci\u00f3n confidencial: a) Aquella que como conjunto o por la configuraci\u00f3n o estructuraci\u00f3n exacta de sus componentes, no sea generalmente conocida entre los expertos en los campos correspondientes; b) La que no sea de f\u00e1cil acceso; y, c) Aquella informaci\u00f3n que no est\u00e9 sujeta a medidas de protecci\u00f3n razonables, de acuerdo con las circunstancias del caso, a fin de mantener su car\u00e1cter confidencial. Toda informaci\u00f3n enviada al Autorizado es de propiedad exclusiva de la parte de donde proceda. En consecuencia, no utilizar\u00e1 informaci\u00f3n de la otra para su propio uso sin consentimiento previo.<\/p><p>\u00a0<\/p><p><strong>11. DRESOLUCI\u00d3N DE CONTROVERSIAS Y DETERMINACI\u00d3N DE LA LEY APLICABLE:<\/strong><\/p><p style=\"padding-left: 40px;\">11.1. Salvo disposici\u00f3n en contrario contenida en la normativa aplicable de protecci\u00f3n de los Consumidores y Usuarios, para las cuestiones o controversias que puedan derivarse de la interpretaci\u00f3n o aplicaci\u00f3n de las presentes Condiciones, ambas partes convienen en resolverlas de forma amistosa y, en su caso, someterse al fuero de los Jueces y Tribunales de Elche (Alicante), con expresa renuncia de cualquier otro que pudiera corresponderles, que resolver\u00e1n aplicando la ley espa\u00f1ola.<\/p>\t\t\t\t\t\t\t\t<\/div>\n\t\t\t\t<\/div>\n\t\t\t\t\t<\/div>\n\t\t\t\t<\/div>\n\t\t\t\t<\/div>\n\t\t","protected":false},"excerpt":{"rendered":"<p>CONDICIONES GENERALES DE VENTA Y GARANT\u00cdA NOARA MEDITERRANEAN DISTILLERY, S.L. \u00a0 \u00a0 1. ALCANCE: 1.1 Las operaciones comerciales que recaigan sobre productos de NOARA MEDITERRANEAN DISTILLERY, S.L. est\u00e1n sujetas a las presentes Condiciones Generales de Venta y Garant\u00eda, que se reflejar\u00e1n en las correspondientes confirmaciones de pedido, conteni\u00e9ndose, adem\u00e1s, en las facturas comerciales de Productos [&hellip;]<\/p>\n","protected":false},"author":1,"featured_media":0,"parent":0,"menu_order":0,"comment_status":"closed","ping_status":"closed","template":"","meta":{"footnotes":""},"class_list":["post-2825","page","type-page","status-publish","hentry"],"_links":{"self":[{"href":"https:\/\/www.noaracompany.com\/es\/wp-json\/wp\/v2\/pages\/2825","targetHints":{"allow":["GET"]}}],"collection":[{"href":"https:\/\/www.noaracompany.com\/es\/wp-json\/wp\/v2\/pages"}],"about":[{"href":"https:\/\/www.noaracompany.com\/es\/wp-json\/wp\/v2\/types\/page"}],"author":[{"embeddable":true,"href":"https:\/\/www.noaracompany.com\/es\/wp-json\/wp\/v2\/users\/1"}],"replies":[{"embeddable":true,"href":"https:\/\/www.noaracompany.com\/es\/wp-json\/wp\/v2\/comments?post=2825"}],"version-history":[{"count":11,"href":"https:\/\/www.noaracompany.com\/es\/wp-json\/wp\/v2\/pages\/2825\/revisions"}],"predecessor-version":[{"id":2838,"href":"https:\/\/www.noaracompany.com\/es\/wp-json\/wp\/v2\/pages\/2825\/revisions\/2838"}],"wp:attachment":[{"href":"https:\/\/www.noaracompany.com\/es\/wp-json\/wp\/v2\/media?parent=2825"}],"curies":[{"name":"wp","href":"https:\/\/api.w.org\/{rel}","templated":true}]}}