{"id":1043,"date":"2023-08-14T12:40:09","date_gmt":"2023-08-14T10:40:09","guid":{"rendered":"https:\/\/www.noaracompany.com\/home\/"},"modified":"2024-04-25T17:24:55","modified_gmt":"2024-04-25T15:24:55","slug":"home","status":"publish","type":"page","link":"https:\/\/www.noaracompany.com\/es\/","title":{"rendered":"Home"},"content":{"rendered":"\t\t<div data-elementor-type=\"wp-page\" data-elementor-id=\"1043\" class=\"elementor elementor-1043 elementor-23\" data-elementor-post-type=\"page\">\n\t\t\t\t<div class=\"elementor-element elementor-element-e989161 e-con-full e-flex e-con e-parent\" data-id=\"e989161\" data-element_type=\"container\">\n\t\t<div class=\"elementor-element elementor-element-4f3570f e-con-full e-flex e-con e-child\" data-id=\"4f3570f\" data-element_type=\"container\">\n\t\t\t\t<div class=\"elementor-element elementor-element-0aaaf17 elementor-widget elementor-widget-shortcode\" data-id=\"0aaaf17\" data-element_type=\"widget\" data-widget_type=\"shortcode.default\">\n\t\t\t\t<div class=\"elementor-widget-container\">\n\t\t\t\t\t\t\t<div class=\"elementor-shortcode\"><nav aria-label=\"breadcrumbs\" class=\"rank-math-breadcrumb\"><p><span class=\"last\">Home<\/span><\/p><\/nav><\/div>\n\t\t\t\t\t\t<\/div>\n\t\t\t\t<\/div>\n\t\t\t\t<\/div>\n\t\t<div class=\"elementor-element elementor-element-8bfa25a e-con-full e-flex e-con e-child\" data-id=\"8bfa25a\" data-element_type=\"container\">\n\t\t\t\t<div class=\"elementor-element elementor-element-ecb8d06 elementor-widget__width-inherit elementor-widget elementor-widget-image\" data-id=\"ecb8d06\" data-element_type=\"widget\" data-widget_type=\"image.default\">\n\t\t\t\t<div class=\"elementor-widget-container\">\n\t\t\t\t\t\t\t\t\t\t\t\t\t\t\t<img fetchpriority=\"high\" decoding=\"async\" width=\"1920\" height=\"1006\" src=\"https:\/\/www.noaracompany.com\/wp-content\/uploads\/2023\/09\/home6.webp\" class=\"attachment-full size-full wp-image-1825\" alt=\"\" srcset=\"https:\/\/www.noaracompany.com\/wp-content\/uploads\/2023\/09\/home6.webp 1920w, https:\/\/www.noaracompany.com\/wp-content\/uploads\/2023\/09\/home6-300x157.webp 300w, https:\/\/www.noaracompany.com\/wp-content\/uploads\/2023\/09\/home6-1024x537.webp 1024w, https:\/\/www.noaracompany.com\/wp-content\/uploads\/2023\/09\/home6-768x402.webp 768w, https:\/\/www.noaracompany.com\/wp-content\/uploads\/2023\/09\/home6-1536x805.webp 1536w\" sizes=\"(max-width: 1920px) 100vw, 1920px\" \/>\t\t\t\t\t\t\t\t\t\t\t\t\t\t\t<\/div>\n\t\t\t\t<\/div>\n\t\t\t\t<\/div>\n\t\t\t\t<\/div>\n\t\t<div class=\"elementor-element elementor-element-ef5f895 e-con-full e-flex e-con e-parent\" data-id=\"ef5f895\" data-element_type=\"container\" data-settings=\"{&quot;background_background&quot;:&quot;classic&quot;}\">\n\t\t\t\t<div class=\"elementor-element elementor-element-a43c87c elementor-widget elementor-widget-heading\" data-id=\"a43c87c\" data-element_type=\"widget\" data-widget_type=\"heading.default\">\n\t\t\t\t<div class=\"elementor-widget-container\">\n\t\t\t\t\t<p class=\"elementor-heading-title elementor-size-default\">ESENCIA &amp; ESP\u00cdRITU MEDITERR\u00c1NEO<\/p>\t\t\t\t<\/div>\n\t\t\t\t<\/div>\n\t\t\t\t<\/div>\n\t\t<div class=\"elementor-element elementor-element-26edb5f e-con-full e-flex e-con e-parent\" data-id=\"26edb5f\" data-element_type=\"container\" data-settings=\"{&quot;background_background&quot;:&quot;classic&quot;}\">\n\t\t<div class=\"elementor-element elementor-element-fa21277 e-con-full e-flex e-con e-child\" data-id=\"fa21277\" data-element_type=\"container\">\n\t\t<div class=\"elementor-element elementor-element-f6b8a50 e-con-full e-flex e-con e-child\" data-id=\"f6b8a50\" data-element_type=\"container\">\n\t\t\t\t<div class=\"elementor-element elementor-element-80fa305 elementor-widget__width-inherit elementor-widget-mobile__width-initial elementor-widget elementor-widget-heading\" data-id=\"80fa305\" data-element_type=\"widget\" data-widget_type=\"heading.default\">\n\t\t\t\t<div class=\"elementor-widget-container\">\n\t\t\t\t\t<h2 class=\"elementor-heading-title elementor-size-default\">Licores con esp\u00edritus \u00fanico<\/h2>\t\t\t\t<\/div>\n\t\t\t\t<\/div>\n\t\t\t\t<\/div>\n\t\t<div class=\"elementor-element elementor-element-9a0a10c e-con-full e-flex e-con e-child\" data-id=\"9a0a10c\" data-element_type=\"container\">\n\t\t\t\t<div class=\"elementor-element elementor-element-27f04db elementor-widget__width-auto elementor-widget elementor-widget-image\" data-id=\"27f04db\" data-element_type=\"widget\" data-widget_type=\"image.default\">\n\t\t\t\t<div class=\"elementor-widget-container\">\n\t\t\t\t\t\t\t\t\t\t\t\t\t\t\t<img decoding=\"async\" width=\"1\" height=\"1\" src=\"https:\/\/www.noaracompany.com\/wp-content\/uploads\/2023\/08\/home-detail-1.svg\" class=\"attachment-medium size-medium wp-image-275\" alt=\"\" \/>\t\t\t\t\t\t\t\t\t\t\t\t\t\t\t<\/div>\n\t\t\t\t<\/div>\n\t\t\t\t<\/div>\n\t\t\t\t<\/div>\n\t\t\t\t<\/div>\n\t\t<div class=\"elementor-element elementor-element-3d5b292 e-con-full e-flex e-con e-parent\" data-id=\"3d5b292\" data-element_type=\"container\" data-settings=\"{&quot;background_background&quot;:&quot;classic&quot;}\">\n\t\t\t\t<div class=\"elementor-element elementor-element-55be664 elementor-widget__width-auto elementor-widget elementor-widget-heading\" data-id=\"55be664\" data-element_type=\"widget\" data-widget_type=\"heading.default\">\n\t\t\t\t<div class=\"elementor-widget-container\">\n\t\t\t\t\t<h2 class=\"elementor-heading-title elementor-size-default\">con car\u00e1cter Mediterr\u00e1neo<\/h2>\t\t\t\t<\/div>\n\t\t\t\t<\/div>\n\t\t\t\t<\/div>\n\t\t<div class=\"elementor-element elementor-element-ef7d0f1 e-flex e-con-boxed e-con e-parent\" data-id=\"ef7d0f1\" data-element_type=\"container\" data-settings=\"{&quot;background_background&quot;:&quot;classic&quot;}\">\n\t\t\t\t\t<div class=\"e-con-inner\">\n\t\t\t\t<div class=\"elementor-element elementor-element-5973046 elementor-widget__width-inherit elementor-widget elementor-widget-text-editor\" data-id=\"5973046\" data-element_type=\"widget\" data-widget_type=\"text-editor.default\">\n\t\t\t\t<div class=\"elementor-widget-container\">\n\t\t\t\t\t\t\t\t\tEl Mediterr\u00e1neo es nuestra casa y la inspiraci\u00f3n de cada gota que destilamos, un\nsentimiento, una forma de vida, una pasi\u00f3n por compartir buenos momentos alrededor de una mesa con\nlas personas que nos importan.\t\t\t\t\t\t\t\t<\/div>\n\t\t\t\t<\/div>\n\t\t\t\t\t<\/div>\n\t\t\t\t<\/div>\n\t\t<div class=\"elementor-element elementor-element-d5a71c3 e-con-full e-flex e-con e-parent\" data-id=\"d5a71c3\" data-element_type=\"container\">\n\t\t\t\t<div class=\"elementor-element elementor-element-c61d903 elementor-widget elementor-widget-image\" data-id=\"c61d903\" data-element_type=\"widget\" data-widget_type=\"image.default\">\n\t\t\t\t<div class=\"elementor-widget-container\">\n\t\t\t\t\t\t\t\t\t\t\t\t\t\t\t<img decoding=\"async\" width=\"1653\" height=\"845\" src=\"https:\/\/www.noaracompany.com\/wp-content\/uploads\/2024\/04\/BODEGON-NOARA-COMPANY-compressed.webp\" class=\"attachment-full size-full wp-image-2895\" alt=\"\" srcset=\"https:\/\/www.noaracompany.com\/wp-content\/uploads\/2024\/04\/BODEGON-NOARA-COMPANY-compressed.webp 1653w, https:\/\/www.noaracompany.com\/wp-content\/uploads\/2024\/04\/BODEGON-NOARA-COMPANY-compressed-300x153.webp 300w, https:\/\/www.noaracompany.com\/wp-content\/uploads\/2024\/04\/BODEGON-NOARA-COMPANY-compressed-1024x523.webp 1024w, https:\/\/www.noaracompany.com\/wp-content\/uploads\/2024\/04\/BODEGON-NOARA-COMPANY-compressed-768x393.webp 768w, https:\/\/www.noaracompany.com\/wp-content\/uploads\/2024\/04\/BODEGON-NOARA-COMPANY-compressed-1536x785.webp 1536w\" sizes=\"(max-width: 1653px) 100vw, 1653px\" \/>\t\t\t\t\t\t\t\t\t\t\t\t\t\t\t<\/div>\n\t\t\t\t<\/div>\n\t\t\t\t<\/div>\n\t\t<div class=\"elementor-element elementor-element-779e317 e-flex e-con-boxed e-con e-parent\" data-id=\"779e317\" data-element_type=\"container\">\n\t\t\t\t\t<div class=\"e-con-inner\">\n\t\t\t\t<div class=\"elementor-element elementor-element-e14b293 elementor-widget elementor-widget-heading\" data-id=\"e14b293\" data-element_type=\"widget\" data-widget_type=\"heading.default\">\n\t\t\t\t<div class=\"elementor-widget-container\">\n\t\t\t\t\t<p class=\"elementor-heading-title elementor-size-default\">Nuestros<br> Productos<\/p>\t\t\t\t<\/div>\n\t\t\t\t<\/div>\n\t\t\t\t<div class=\"elementor-element elementor-element-21ccbc0 elementor-align-center elementor-widget elementor-widget-button\" data-id=\"21ccbc0\" data-element_type=\"widget\" data-widget_type=\"button.default\">\n\t\t\t\t<div class=\"elementor-widget-container\">\n\t\t\t\t\t\t\t\t\t<div class=\"elementor-button-wrapper\">\n\t\t\t\t\t<a class=\"elementor-button elementor-button-link elementor-size-sm\" href=\"#\">\n\t\t\t\t\t\t<span class=\"elementor-button-content-wrapper\">\n\t\t\t\t\t\t<span class=\"elementor-button-icon\">\n\t\t\t\t<i aria-hidden=\"true\" class=\"fas fa-arrow-right\"><\/i>\t\t\t<\/span>\n\t\t\t\t\t\t\t\t\t<span class=\"elementor-button-text\">Ver Todos<\/span>\n\t\t\t\t\t<\/span>\n\t\t\t\t\t<\/a>\n\t\t\t\t<\/div>\n\t\t\t\t\t\t\t\t<\/div>\n\t\t\t\t<\/div>\n\t\t\t\t\t<\/div>\n\t\t\t\t<\/div>\n\t\t\t\t<\/div>\n\t\t","protected":false},"excerpt":{"rendered":"<p>ESENCIA &amp; ESP\u00cdRITU MEDITERR\u00c1NEO Licores con esp\u00edritus \u00fanico con car\u00e1cter Mediterr\u00e1neo El Mediterr\u00e1neo es nuestra casa y la inspiraci\u00f3n de cada gota que destilamos, un sentimiento, una forma de vida, una pasi\u00f3n por compartir buenos momentos alrededor de una mesa con las personas que nos importan. Nuestros Productos Ver Todos<\/p>\n","protected":false},"author":1,"featured_media":0,"parent":0,"menu_order":0,"comment_status":"closed","ping_status":"closed","template":"elementor_theme","meta":{"footnotes":""},"class_list":["post-1043","page","type-page","status-publish","hentry"],"_links":{"self":[{"href":"https:\/\/www.noaracompany.com\/es\/wp-json\/wp\/v2\/pages\/1043","targetHints":{"allow":["GET"]}}],"collection":[{"href":"https:\/\/www.noaracompany.com\/es\/wp-json\/wp\/v2\/pages"}],"about":[{"href":"https:\/\/www.noaracompany.com\/es\/wp-json\/wp\/v2\/types\/page"}],"author":[{"embeddable":true,"href":"https:\/\/www.noaracompany.com\/es\/wp-json\/wp\/v2\/users\/1"}],"replies":[{"embeddable":true,"href":"https:\/\/www.noaracompany.com\/es\/wp-json\/wp\/v2\/comments?post=1043"}],"version-history":[{"count":41,"href":"https:\/\/www.noaracompany.com\/es\/wp-json\/wp\/v2\/pages\/1043\/revisions"}],"predecessor-version":[{"id":3143,"href":"https:\/\/www.noaracompany.com\/es\/wp-json\/wp\/v2\/pages\/1043\/revisions\/3143"}],"wp:attachment":[{"href":"https:\/\/www.noaracompany.com\/es\/wp-json\/wp\/v2\/media?parent=1043"}],"curies":[{"name":"wp","href":"https:\/\/api.w.org\/{rel}","templated":true}]}}