{"id":1028,"date":"2023-08-18T20:06:13","date_gmt":"2023-08-18T18:06:13","guid":{"rendered":"https:\/\/www.noaracompany.com\/politica-de-privacidad\/"},"modified":"2023-08-21T18:20:35","modified_gmt":"2023-08-21T16:20:35","slug":"politica-de-privacidad","status":"publish","type":"page","link":"https:\/\/www.noaracompany.com\/es\/politica-de-privacidad\/","title":{"rendered":"Pol\u00edtica de Privacidad"},"content":{"rendered":"<h2>Responsable del tratamiento<\/h2>\n<p>Identidad: NOARA MEDITERRANEAN DISTILLERY SL.<br \/>\nNIF: B10600419<br \/>\nDirecci\u00f3n: Ctra. Murcia-Alicante, km 63. 63<br \/>\nCP: 03295 Elche, Alicante.<br \/>\nTfno: 34.965450955<br \/>\nEmail: info@noaramediterraneandistillery.com<\/p>\n<p>&nbsp;<\/p>\n<h2>\u00bfQue son las cookies?<\/h2>\n<p>Una cookie es un archivo o dispositivo que se descarga en el equipo terminal de un usuario de Internet cuando este navega por el mismo con la finalidad de almacenar y recuperar datos que se hallan en este equipo y que reflejan las actividades del usuario durante su tiempo de navegaci\u00f3n. Con ello, los proveedores de servicios de Internet pueden cumplir algunas funciones como:<\/p>\n<ol>\n<li>Facilitar la navegaci\u00f3n del usuario por los sitios web que visita;<\/li>\n<li>Facilitar la experiencia de compra del usuario por los sitios web que visita;<\/li>\n<li>Proporcionar informaci\u00f3n de los h\u00e1bitos de navegaci\u00f3n de los usuarios de los webs, para desarrollar nuevos productos o servicios;<\/li>\n<li>Proporcionar informaci\u00f3n de los h\u00e1bitos de navegaci\u00f3n de los usuarios de los webs, para dirigirles publicidad comportamental.<\/li>\n<\/ol>\n<p>Las cookies, seg\u00fan quien sea que los implante, pueden ser:<\/p>\n<ol>\n<li><strong>propias<\/strong>: las que habilita el titular del sitio web que el usuario visita, envi\u00e1ndolas desde un equipo o dominio gestionado por el propio editor y desde el cual presta los servicios solicitados por el usuario; o bien,<\/li>\n<li><strong>de terceros:<\/strong> las habilitan otros proveedores de servicios con quien el titular del sitio que el usuario visita tiene contratada la prestaci\u00f3n de determinados servicios; se env\u00edan desde un equipo o dominio que no gestiona el editor, sino otra entidad que trata los datos obtenidos a trav\u00e9s de las cookies.<\/li>\n<\/ol>\n<p>Las cookies, seg\u00fan el tiempo que permanecen activadas, pueden ser:<\/p>\n<ol>\n<li><strong>de sesi\u00f3n<\/strong>: Son un tipo de cookies dise\u00f1adas para recoger y almacenar datos mientras el usuario accede a una p\u00e1gina web.<\/li>\n<li><strong>persistentes<\/strong>: Son un tipo de cookies en el cual los datos siguen almacenadas en el terminal y poden ser accedidos y tratados durante un per\u00edodo definido por el responsable de la cookie y que puede ir desde unos minutos a varios a\u00f1os.<\/li>\n<\/ol>\n<p>Las cookies, seg\u00fan cual sea su finalidad, pueden ser:<\/p>\n<ol>\n<li><strong>T\u00e9cnicas<\/strong>: Son aquellas que permiten al usuario la navegaci\u00f3n a trav\u00e9s de una p\u00e1gina web, plataforma o aplicaci\u00f3n y la utilizaci\u00f3n de las diferentes opciones o servicios que en ella existan, incluyendo aquellas que el editor utiliza para permitir la gesti\u00f3n y operativa de la p\u00e1gina web y habilitar sus funciones y servicios.<\/li>\n<li><strong>De an\u00e1lisis<\/strong>: Son aquellas que, tratadas por el titular del sitio o por terceros, permiten cuantificar el n\u00famero de usuarios y as\u00ed realizar la medici\u00f3n y an\u00e1lisis estad\u00edstica de la utilizaci\u00f3n que los usuarios hacen del servicio ofrecido, para con ello mejorar la oferta de productos y servicios que se ofrecen.<\/li>\n<li><strong>Publicitarias<\/strong>: Son aquellas que permiten la gesti\u00f3n, de la forma m\u00e1s eficaz posible, de los espacios publicitarios que, si cabe, el editor haya incluido en una p\u00e1gina web, aplicaci\u00f3n o plataforma desde la que presta el servicio solicitado bas\u00e1ndose en criterios como el contenido editado o la frecuencia con la que se muestran los anuncios.<\/li>\n<li><strong>de publicidad comportamental<\/strong>: Son aquellas que permiten la gesti\u00f3n, de la forma m\u00e1s eficaz posible, de los espacios publicitarios que, si cabe, el editor haya incluido en una p\u00e1gina web, aplicaci\u00f3n o plataforma desde la que presta el servicio solicitado. Estas cookies almacenan informaci\u00f3n del comportamiento de usuarios obtenida a trav\u00e9s de la observaci\u00f3n continuada de sus h\u00e1bitos de navegaci\u00f3n, lo que permite desarrollar un perfil espec\u00edfico para mostrar publicidad en funci\u00f3n de \u00e9stos. Tambi\u00e9n es posible que al visitar alguna p\u00e1gina web o al abrir alg\u00fan email donde se publique alg\u00fan anuncio o alguna promoci\u00f3n sobre determinados productos o servicios se instale en el navegador alguna cookie que se utiliza posteriormente para mostrar publicidad relacionada con la b\u00fasqueda que se haya realizado, para desarrollar un control de los anuncios en relaci\u00f3n, por ejemplo, con el n\u00famero de veces que son vistos, d\u00f3nde aparecen, a qu\u00e9 hora se ven, etc.<\/li>\n<\/ol>\n<p>Para conocer m\u00e1s sobre las cookies: https:\/\/es.wikipedia.org\/wiki\/Cookie_%28inform%C3%A1tica%29<\/p>\n<p>Las cookies t\u00e9cnicas se pueden implantar en el terminal del usuario sin necesidad que se d\u00e9 ning\u00fan consentimiento, en cambio, las cookies anal\u00edticas, publicitarias y de seguimiento, necesitan el consentimiento del usuario.<\/p>\n<p>&nbsp;<\/p>\n<h2>\u00bfQu\u00e9 cookies utilizamos y c\u00f3mo puede revocar su consentimiento al uso de estas cookies?<\/h2>\n<p>Actualmente, el presente sitio web utiliza cookies imprescindibles para posibilitar su navegaci\u00f3n por el mismo, y otras para la recogida de informaci\u00f3n estad\u00edstica y anal\u00edtica, que nos permiten analizar la navegaci\u00f3n de los usuarios y obtener datos estad\u00edsticos para mejorar nuestros servicios. Las cookies utilizadas por el sitio web se asocian, \u00fanicamente, a un usuario an\u00f3nimo y a su ordenador, y no proporcionan, por s\u00ed mismas, los datos personales del usuario. En cualquier caso, el uso de las mismas est\u00e1 basado en el consentimiento del usuario.<\/p>\n<p>Mediante el uso de las cookies, es posible que el servidor donde se encuentra el web, reconozca el navegador web utilizado por el usuario, con la finalidad de que la navegaci\u00f3n sea m\u00e1s sencilla, permitiendo, por ejemplo, el acceso a los usuarios que se hayan registrados previamente, acceder a las \u00e1reas privadas y servicios, promociones o concursos, reservados exclusivamente a ellos, sin tener que registrarse en cada visita. Se utilizan tambi\u00e9n, para medir la audiencia y par\u00e1metros de tr\u00e1fico, controlar el progreso y el n\u00famero de entradas.<\/p>\n<p>[cookie_audit columns=\u00bbcookie,description\u00bb heading=\u00bblist of cookies used in this web:\u00bb]<\/p>\n<p>Para obtener m\u00e1s detalles de las cookies que utilizamos, as\u00ed como para revocar su consentimiento, lo puede gestionar en cualquier momento pulsando Gestionar Cookies y luego \u00abAjustes\u00bb.<\/p>\n<p>&nbsp;<\/p>\n<h2>\u00bfDudas?<\/h2>\n<p>Si tiene cualquier pregunta sobre c\u00f3mo usamos las cookies, y no est\u00e1 contestada en esta pol\u00edtica, por favor env\u00ede sus comentarios por email a:<\/p>\n<p>info@noaramediterraneandistillery.com<\/p>\n<p>O una comunicaci\u00f3n escrita a:<\/p>\n<p>Noara Mediterranean Distillery, Ctra. Murcia-Alicante, km 63. 63. CP 03295 Elche, Alicante.<\/p>\n<p>Adicionalmente, puede acceder a unos v\u00eddeos did\u00e1cticos publicados por la Agencia Espa\u00f1ola de Protecci\u00f3n de Datos donde se explica, paso a paso, c\u00f3mo configurar las opciones de privacidad de los navegadores, redes sociales y sistemas operativos m\u00f3viles m\u00e1s comunes, bajo: Videos AEPD.<\/p>\n<p>&nbsp;<\/p>\n<h2>Informaci\u00f3n adicional<\/h2>\n<p>Para obtener m\u00e1s informaci\u00f3n acerca de tus derechos, el tiempo de conservaci\u00f3n de tus datos, donde interponer, de ser necesario, una reclamaci\u00f3n o cualquier otra informaci\u00f3n de tu inter\u00e9s puedes consultar nuestra <a href=\"https:\/\/www.noaracompany.com\/es\/privacy-policy\/\">Pol\u00edtica de Privacidad<\/a>.<\/p>\n","protected":false},"excerpt":{"rendered":"<p>Responsable del tratamiento Identidad: NOARA MEDITERRANEAN DISTILLERY SL. NIF: B10600419 Direcci\u00f3n: Ctra. Murcia-Alicante, km 63. 63 CP: 03295 Elche, Alicante. Tfno: 34.965450955 Email: info@noaramediterraneandistillery.com &nbsp; \u00bfQue son las cookies? Una cookie es un archivo o dispositivo que se descarga en el equipo terminal de un usuario de Internet cuando este navega por el mismo con [&hellip;]<\/p>\n","protected":false},"author":1,"featured_media":0,"parent":0,"menu_order":0,"comment_status":"closed","ping_status":"closed","template":"","meta":{"footnotes":""},"class_list":["post-1028","page","type-page","status-publish","hentry"],"_links":{"self":[{"href":"https:\/\/www.noaracompany.com\/es\/wp-json\/wp\/v2\/pages\/1028","targetHints":{"allow":["GET"]}}],"collection":[{"href":"https:\/\/www.noaracompany.com\/es\/wp-json\/wp\/v2\/pages"}],"about":[{"href":"https:\/\/www.noaracompany.com\/es\/wp-json\/wp\/v2\/types\/page"}],"author":[{"embeddable":true,"href":"https:\/\/www.noaracompany.com\/es\/wp-json\/wp\/v2\/users\/1"}],"replies":[{"embeddable":true,"href":"https:\/\/www.noaracompany.com\/es\/wp-json\/wp\/v2\/comments?post=1028"}],"version-history":[{"count":1,"href":"https:\/\/www.noaracompany.com\/es\/wp-json\/wp\/v2\/pages\/1028\/revisions"}],"predecessor-version":[{"id":1029,"href":"https:\/\/www.noaracompany.com\/es\/wp-json\/wp\/v2\/pages\/1028\/revisions\/1029"}],"wp:attachment":[{"href":"https:\/\/www.noaracompany.com\/es\/wp-json\/wp\/v2\/media?parent=1028"}],"curies":[{"name":"wp","href":"https:\/\/api.w.org\/{rel}","templated":true}]}}