{"id":1016,"date":"2023-08-14T09:58:56","date_gmt":"2023-08-14T07:58:56","guid":{"rendered":"https:\/\/www.noaracompany.com\/privacy-policy\/"},"modified":"2024-04-25T17:15:20","modified_gmt":"2024-04-25T15:15:20","slug":"privacy-policy","status":"publish","type":"page","link":"https:\/\/www.noaracompany.com\/es\/privacy-policy\/","title":{"rendered":"Pol\u00edtica de Privacidad"},"content":{"rendered":"\t\t<div data-elementor-type=\"wp-page\" data-elementor-id=\"1016\" class=\"elementor elementor-1016 elementor-3\" data-elementor-post-type=\"page\">\n\t\t\t\t<div class=\"elementor-element elementor-element-f42d47a e-flex e-con-boxed e-con e-parent\" data-id=\"f42d47a\" data-element_type=\"container\">\n\t\t\t\t\t<div class=\"e-con-inner\">\n\t\t\t\t<div class=\"elementor-element elementor-element-2aff4167 elementor-widget elementor-widget-text-editor\" data-id=\"2aff4167\" data-element_type=\"widget\" data-widget_type=\"text-editor.default\">\n\t\t\t\t<div class=\"elementor-widget-container\">\n\t\t\t\t\t\t\t\t\t<h1 style=\"text-align: center;\">Pol\u00edtica de Privacidad<\/h1>\n<\/p>\n<p><span style=\"color: #333333;\"><span style=\"font-size: x-large;\"><b>Informaci\u00f3n Empresa<\/b><\/span><\/span><\/p>\n<p><span style=\"color: #7a7a7a;\">Identidad: NOARA MEDITERRANEAN DISTILLERY SL.<\/span><\/p>\n<p><span style=\"color: #7a7a7a;\">NIF: B10600419<br \/><\/span><span style=\"color: #7a7a7a;\">Direcci\u00f3n: <\/span> <span style=\"color: #7a7a7a;\">Carretera Murcia-Alicante, km. 63<br \/><\/span><span style=\"color: #7a7a7a;\">CP: 03295 Elche, Alicante.<br \/><\/span><span style=\"color: #7a7a7a;\">Tel\u00e9fono: 965450955<br \/><\/span><span style=\"color: #7a7a7a;\">Email: export@noara.es<\/span><\/p>\n<p><span style=\"color: var( --e-global-color-text ); font-family: var( --e-global-typography-text-font-family ), Sans-serif; font-size: var( --e-global-typography-text-font-size ); font-weight: var( --e-global-typography-text-font-weight ); text-align: var(--text-align);\"> <\/span><\/p>\n<p><span style=\"color: #333333;\"><span style=\"font-size: x-large;\"><b>\u00bfPara qu\u00e9 utilizamos los datos?<\/b><\/span><\/span><\/p>\n<p>La recogida y tratamiento de datos personales por parte de NOARA Mediterranean Distillery se realizar\u00e1 con las siguientes finalidades, seg\u00fan el caso de que se trate:<\/p>\n<ul>\n<li>De quienes facilitan datos para obtener m\u00e1s informaci\u00f3n sobre los servicios de NOARA Mediterranean Distillery, los datos ser\u00e1n tratados \u00fanicamente con la finalidad de proceder al env\u00edo de la informaci\u00f3n solicitada.<\/li>\n<\/ul>\n<p>Asimismo, los datos de navegaci\u00f3n y las cookies podr\u00e1n utilizarse con la finalidad de mejorar la accesibilidad del usuario y mejorar la navegaci\u00f3n, as\u00ed como con fines publicitarios, seg\u00fan lo establecido en la pol\u00edtica de cookies, que se acepta al inicio de la navegaci\u00f3n.<\/p>\n<p>Tambi\u00e9n es posible recabar datos para otras finalidades espec\u00edficas indicadas en cada caso concreto, como por ejemplo la participaci\u00f3n en sorteos, promociones o campa\u00f1as que se puedan ofrecer al usuario a trav\u00e9s de correo electr\u00f3nico, llamada telef\u00f3nica, SMS o WhatsApp.<\/p>\n<p>NOARA Mediterranean Distillery tambi\u00e9n puede interactuar con los usuarios a trav\u00e9s de sus redes sociales (Facebook, Twitter, Instagram, Linkedin\u2026). Los datos recibidos a trav\u00e9s de las redes ser\u00e1n tratados y almacenados siguiendo esta misma pol\u00edtica de privacidad.<\/p>\n<p>Por \u00faltimo, a trav\u00e9s de esta web tambi\u00e9n podr\u00e1s recibir solicitudes para puestos de trabajo vacantes. Los datos recibidos ser\u00e1n tratados \u00fanicamente con la finalidad de evaluar las solicitudes y realizar el proceso de selecci\u00f3n.<\/p>\n<p><span style=\"color: #333333;\"><span style=\"font-size: x-large;\"><b>Duraci\u00f3n<\/b><\/span><\/span><\/p>\n<p>Los datos personales proporcionados para la contrataci\u00f3n de servicios ser\u00e1n conservados por NOARA Mediterranean Distillery mientras exista una relaci\u00f3n contractual para todo lo relacionado con el servicio a prestar o durante el tiempo que sea necesario para cumplir con las obligaciones legales. La empresa NO tomar\u00e1 decisiones automatizadas.<\/p>\n<p>Los datos ser\u00e1n suprimidos en el plazo de 5 a\u00f1os desde la finalizaci\u00f3n de la relaci\u00f3n contractual, con la finalidad de cumplir con la normativa fiscal y sectorial.<\/p>\n<p>Para el resto de datos personales, el plazo de conservaci\u00f3n ser\u00e1 de 2 a\u00f1os desde la recogida de los datos y siempre que el titular de los datos no indique lo contrario.<\/p>\n<p><span style=\"color: #333333;\"><span style=\"font-size: x-large;\"><b>Legitimaci\u00f3n<\/b><\/span><\/span><\/p>\n<p>La base legitimadora para el tratamiento de los datos personales es el consentimiento del usuario, ya sea aceptando la pol\u00edtica de cookies o la pol\u00edtica de privacidad, para recibir informaci\u00f3n comercial o gesti\u00f3n de contratos.<\/p>\n<p>Asimismo, NOARA Mediterranean Distillery tiene derecho a utilizar los datos personales para la finalidad para la que fueron facilitados, como por ejemplo la prestaci\u00f3n del servicio, la ejecuci\u00f3n del Contrato y medidas precontractuales, o la evaluaci\u00f3n de una candidatura.<\/p>\n<p>El usuario que acepta la presente pol\u00edtica declara ser mayor de edad y tener plena capacidad para aceptarla, quedando exonerada de responsabilidad NOARA Distillery Mediterr\u00e1nea por la falta de capacidad del aceptante.<\/p>\n<p><span style=\"color: #333333;\"><span style=\"font-size: x-large;\"><b>Transferencias de datos a terceros<\/b><\/span><\/span><\/p>\n<p>NOARA Mediterranean Distillery podr\u00e1 ceder datos a terceros con la finalidad de garantizar la correcta gesti\u00f3n de los contratos.<\/p>\n<p>Dicho traslado puede ser, por ejemplo, a la empresa distribuidora para tramitar la inscripci\u00f3n del contrato, a un call center para la gesti\u00f3n de atenci\u00f3n al cliente, a una empresa de cobranza en caso de impago, a expedientes de morosidad.<\/p>\n<p>Todos los terceros cesionarios de datos est\u00e1n ubicados en Estados miembros de la Uni\u00f3n Europea.<\/p>\n<p>Tambi\u00e9n se informa que los datos podr\u00e1n ser cedidos a Administraciones u \u00f3rganos judiciales siempre que exista obligaci\u00f3n legal de remitirlos.<\/p>\n<p><span style=\"color: #333333;\"><span style=\"font-size: x-large;\"><b>Categor\u00eda de datos<\/b><\/span><\/span><\/p>\n<p>Los datos que NOARA Mediterranean Distillery recoger\u00e1 y tratar\u00e1 son:<\/p>\n<p>Nombre<br \/>Tel\u00e9fono<br \/>E-mail<br \/>cookies<\/p>\n<p><span style=\"color: #333333;\"><span style=\"font-size: x-large;\"><b>Derechos<\/b><\/span><\/span><\/p>\n<p>Como usuario podr\u00e1s ejercitar los derechos de acceso, rectificaci\u00f3n, oposici\u00f3n, supresi\u00f3n, portabilidad y limitaci\u00f3n al tratamiento de tus datos en cualquier momento dirigi\u00e9ndote un escrito a info@noaramediterraneandistillery.com o enviando un escrito adjuntando fotocopia de tu DNI u otro documento identificativo a Destiler\u00eda Mediterr\u00e1nea Noara, Ctra Murcia-Alicante, km.63, CP 03295 Elche.<\/p>\n<p>En cualquier caso, tendr\u00e1 derecho a retirar su consentimiento para el tratamiento de sus datos en cualquier momento, sin que ello afecte a la licitud del tratamiento basado en el consentimiento previo a su retirada o a oponerse al mismo, en cuyo caso \u00fanicamente conservar sus datos personales para el ejercicio o la defensa de posibles reclamaciones.<\/p>\n<p>Asimismo, tiene derecho a dirigirse a la Autoridad de Control en materia de Protecci\u00f3n de Datos competente para obtener informaci\u00f3n adicional o presentar una reclamaci\u00f3n.<\/p>\n<p><span style=\"color: #333333;\"><span style=\"font-size: x-large;\"><b>Informaci\u00f3n adicional<\/b><\/span><\/span><\/p>\n<p>NOARA Mediterranean Distillery aplicar\u00e1 sobre los datos personales recabados las medidas t\u00e9cnicas y organizativas adecuadas para garantizar su seguridad, confidencialidad y disponibilidad de acuerdo con el estado de la t\u00e9cnica. Asimismo, y teniendo en cuenta la importancia que tienen para el Usuario sus datos personales, NOARA Mediterranean Distillery se compromete a informarle de cualquier situaci\u00f3n que pueda haber puesto en peligro la confidencialidad y disponibilidad de sus datos, as\u00ed como a informar a la Agencia Espa\u00f1ola de Protecci\u00f3n de Datos. de cualquier violaci\u00f3n de la seguridad de los datos. Esta obligaci\u00f3n no ser\u00e1 exigible cuando la comunicaci\u00f3n de la incidencia a los Usuarios pueda poner en mayor riesgo sus datos.<\/p>\n<p>Para cualquier consulta relacionada con las funciones del Delegado de Protecci\u00f3n de Datos, puede escribirnos directamente a export@noara.es.<\/p>\n\t\t\t\t\t\t\t\t<\/div>\n\t\t\t\t<\/div>\n\t\t\t\t<div class=\"elementor-element elementor-element-0b9a984 elementor-widget-divider--view-line_icon elementor-view-default elementor-widget-divider--element-align-center elementor-widget elementor-widget-divider\" data-id=\"0b9a984\" data-element_type=\"widget\" data-widget_type=\"divider.default\">\n\t\t\t\t<div class=\"elementor-widget-container\">\n\t\t\t\t\t\t\t<div class=\"elementor-divider\">\n\t\t\t<span class=\"elementor-divider-separator\">\n\t\t\t\t\t\t\t<div class=\"elementor-icon elementor-divider__element\">\n\t\t\t\t\t<i aria-hidden=\"true\" class=\"fas fa-star\"><\/i><\/div>\n\t\t\t\t\t\t<\/span>\n\t\t<\/div>\n\t\t\t\t\t\t<\/div>\n\t\t\t\t<\/div>\n\t\t\t\t\t<\/div>\n\t\t\t\t<\/div>\n\t\t<div class=\"elementor-element elementor-element-38c8ac5 e-flex e-con-boxed e-con e-parent\" data-id=\"38c8ac5\" data-element_type=\"container\">\n\t\t\t\t\t<div class=\"e-con-inner\">\n\t\t<div class=\"elementor-element elementor-element-2f364f7 e-con-full e-flex e-con e-child\" data-id=\"2f364f7\" data-element_type=\"container\">\n\t\t\t\t<div class=\"elementor-element elementor-element-e9e1d1b elementor-widget elementor-widget-image\" data-id=\"e9e1d1b\" data-element_type=\"widget\" data-widget_type=\"image.default\">\n\t\t\t\t<div class=\"elementor-widget-container\">\n\t\t\t\t\t\t\t\t\t\t\t\t\t\t\t<img fetchpriority=\"high\" decoding=\"async\" width=\"548\" height=\"302\" src=\"https:\/\/www.noaracompany.com\/wp-content\/uploads\/2024\/03\/logo-comunitat-valenciana.png\" class=\"attachment-full size-full wp-image-2842\" alt=\"\" srcset=\"https:\/\/www.noaracompany.com\/wp-content\/uploads\/2024\/03\/logo-comunitat-valenciana.png 548w, https:\/\/www.noaracompany.com\/wp-content\/uploads\/2024\/03\/logo-comunitat-valenciana-300x165.png 300w\" sizes=\"(max-width: 548px) 100vw, 548px\" \/>\t\t\t\t\t\t\t\t\t\t\t\t\t\t\t<\/div>\n\t\t\t\t<\/div>\n\t\t\t\t<\/div>\n\t\t<div class=\"elementor-element elementor-element-0a6b9c3 e-con-full e-flex e-con e-child\" data-id=\"0a6b9c3\" data-element_type=\"container\">\n\t\t\t\t<div class=\"elementor-element elementor-element-49a7896 elementor-widget elementor-widget-text-editor\" data-id=\"49a7896\" data-element_type=\"widget\" data-widget_type=\"text-editor.default\">\n\t\t\t\t<div class=\"elementor-widget-container\">\n\t\t\t\t\t\t\t\t\t<h4>Col labora: NOARA MEDITERRANEAN DESTILLERY S.L.<\/h4>\n<p>Suport a la promoci\u00f3 exterior de La Comunitat Valenciana 2023.<\/p>\n<p>Import rebut: 18.307,55\u20ac<\/p>\n<p>N\u00ba Expediente: INTPRM\/2023\/569<\/p>\n\t\t\t\t\t\t\t\t<\/div>\n\t\t\t\t<\/div>\n\t\t\t\t<\/div>\n\t\t\t\t\t<\/div>\n\t\t\t\t<\/div>\n\t\t<div class=\"elementor-element elementor-element-7cdbc1f e-flex e-con-boxed e-con e-parent\" data-id=\"7cdbc1f\" data-element_type=\"container\">\n\t\t\t\t\t<div class=\"e-con-inner\">\n\t\t\t\t<div class=\"elementor-element elementor-element-f218028 elementor-widget elementor-widget-image\" data-id=\"f218028\" data-element_type=\"widget\" data-widget_type=\"image.default\">\n\t\t\t\t<div class=\"elementor-widget-container\">\n\t\t\t\t\t\t\t\t\t\t\t\t\t\t\t\t<a href=\"\/wp-content\/uploads\/2024\/04\/CARTEL-WEB-subvencion-2024.04.04.pdf\" target=\"_blank\">\n\t\t\t\t\t\t\t<img decoding=\"async\" width=\"711\" height=\"687\" src=\"https:\/\/www.noaracompany.com\/wp-content\/uploads\/2024\/04\/CARTEL-WEB-subvencion-2024.04.04-1.png\" class=\"attachment-full size-full wp-image-2887\" alt=\"\" srcset=\"https:\/\/www.noaracompany.com\/wp-content\/uploads\/2024\/04\/CARTEL-WEB-subvencion-2024.04.04-1.png 711w, https:\/\/www.noaracompany.com\/wp-content\/uploads\/2024\/04\/CARTEL-WEB-subvencion-2024.04.04-1-300x290.png 300w\" sizes=\"(max-width: 711px) 100vw, 711px\" \/>\t\t\t\t\t\t\t\t<\/a>\n\t\t\t\t\t\t\t\t\t\t\t\t\t\t\t<\/div>\n\t\t\t\t<\/div>\n\t\t\t\t\t<\/div>\n\t\t\t\t<\/div>\n\t\t<div class=\"elementor-element elementor-element-f32bc59 e-flex e-con-boxed e-con e-parent\" data-id=\"f32bc59\" data-element_type=\"container\">\n\t\t\t\t\t<div class=\"e-con-inner\">\n\t\t\t\t<div class=\"elementor-element elementor-element-fa15a38 elementor-widget elementor-widget-image\" data-id=\"fa15a38\" data-element_type=\"widget\" data-widget_type=\"image.default\">\n\t\t\t\t<div class=\"elementor-widget-container\">\n\t\t\t\t\t\t\t\t\t\t\t\t\t\t\t\t<a href=\"\/wp-content\/uploads\/2024\/04\/CARTEL-ECOVUL-2022-CASTELLANO-2024.04.04.pdf\" target=\"_blank\">\n\t\t\t\t\t\t\t<img decoding=\"async\" width=\"1285\" height=\"906\" src=\"https:\/\/www.noaracompany.com\/wp-content\/uploads\/2024\/04\/CARTEL-ECOVUL-2022-CASTELLANO-2024.04.04-1.png\" class=\"attachment-full size-full wp-image-2889\" alt=\"\" srcset=\"https:\/\/www.noaracompany.com\/wp-content\/uploads\/2024\/04\/CARTEL-ECOVUL-2022-CASTELLANO-2024.04.04-1.png 1285w, https:\/\/www.noaracompany.com\/wp-content\/uploads\/2024\/04\/CARTEL-ECOVUL-2022-CASTELLANO-2024.04.04-1-300x212.png 300w, https:\/\/www.noaracompany.com\/wp-content\/uploads\/2024\/04\/CARTEL-ECOVUL-2022-CASTELLANO-2024.04.04-1-1024x722.png 1024w, https:\/\/www.noaracompany.com\/wp-content\/uploads\/2024\/04\/CARTEL-ECOVUL-2022-CASTELLANO-2024.04.04-1-768x541.png 768w\" sizes=\"(max-width: 1285px) 100vw, 1285px\" \/>\t\t\t\t\t\t\t\t<\/a>\n\t\t\t\t\t\t\t\t\t\t\t\t\t\t\t<\/div>\n\t\t\t\t<\/div>\n\t\t\t\t\t<\/div>\n\t\t\t\t<\/div>\n\t\t\t\t<\/div>\n\t\t","protected":false},"excerpt":{"rendered":"<p>Pol\u00edtica de Privacidad Informaci\u00f3n Empresa Identidad: NOARA MEDITERRANEAN DISTILLERY SL. NIF: B10600419Direcci\u00f3n: Carretera Murcia-Alicante, km. 63CP: 03295 Elche, Alicante.Tel\u00e9fono: 965450955Email: export@noara.es \u00bfPara qu\u00e9 utilizamos los datos? La recogida y tratamiento de datos personales por parte de NOARA Mediterranean Distillery se realizar\u00e1 con las siguientes finalidades, seg\u00fan el caso de que se trate: De quienes facilitan [&hellip;]<\/p>\n","protected":false},"author":1,"featured_media":0,"parent":0,"menu_order":0,"comment_status":"closed","ping_status":"open","template":"elementor_theme","meta":{"footnotes":""},"class_list":["post-1016","page","type-page","status-publish","hentry"],"_links":{"self":[{"href":"https:\/\/www.noaracompany.com\/es\/wp-json\/wp\/v2\/pages\/1016","targetHints":{"allow":["GET"]}}],"collection":[{"href":"https:\/\/www.noaracompany.com\/es\/wp-json\/wp\/v2\/pages"}],"about":[{"href":"https:\/\/www.noaracompany.com\/es\/wp-json\/wp\/v2\/types\/page"}],"author":[{"embeddable":true,"href":"https:\/\/www.noaracompany.com\/es\/wp-json\/wp\/v2\/users\/1"}],"replies":[{"embeddable":true,"href":"https:\/\/www.noaracompany.com\/es\/wp-json\/wp\/v2\/comments?post=1016"}],"version-history":[{"count":45,"href":"https:\/\/www.noaracompany.com\/es\/wp-json\/wp\/v2\/pages\/1016\/revisions"}],"predecessor-version":[{"id":3141,"href":"https:\/\/www.noaracompany.com\/es\/wp-json\/wp\/v2\/pages\/1016\/revisions\/3141"}],"wp:attachment":[{"href":"https:\/\/www.noaracompany.com\/es\/wp-json\/wp\/v2\/media?parent=1016"}],"curies":[{"name":"wp","href":"https:\/\/api.w.org\/{rel}","templated":true}]}}